{"id":1626,"date":"2024-01-21T00:47:25","date_gmt":"2024-01-21T00:47:25","guid":{"rendered":"https:\/\/insight-out.co.il\/?page_id=1626"},"modified":"2024-02-05T16:40:53","modified_gmt":"2024-02-05T16:40:53","slug":"cuerpo-en-movimiento-los-portales-de-conexion","status":"publish","type":"page","link":"https:\/\/insight-out.co.il\/es\/cuerpo-en-movimiento-los-portales-de-conexion\/","title":{"rendered":"Cuerpo en Movimiento &#8211; los portales de conexi\u00f3n"},"content":{"rendered":"<p dir=\"ltr\" style=\"text-align: left;\">Nuestro cuerpo es una poderosa puerta de entrada para vivir esta vida plenamente, en el taller de movimiento dedicaremos una sesi\u00f3n a cada uno de los portales que nos abre el trabajo corporal en movimiento:<\/p>\n<h6 dir=\"ltr\" style=\"text-align: left;\"><strong>Portal a la presencia<\/strong><\/h6>\n<p dir=\"ltr\" style=\"text-align: left;\">Nuestro cuerpo es una puerta de entrada a la presencia. A trav\u00e9s de sus sentidos y sensores, podemos incorporar a \u00e9l la atenci\u00f3n, la respiraci\u00f3n, la posici\u00f3n, la planta de los pies, lo que est\u00e1 cerca, dentro y fuera de nosotros. Esta conciencia es la tierra sobre la que caminamos y manejamos nuestras relaciones.<\/p>\n<h6 dir=\"ltr\" style=\"text-align: left;\"><strong>Portal al desarrollo y crecimiento<\/strong><\/h6>\n<p dir=\"ltr\" style=\"text-align: left;\">Nuestro cuerpo es, en realidad, un cuerpo-alma que contiene nuestras emociones, patrones, nuestras historias y a trav\u00e9s de \u00e9l podemos explorar, aprender y conocer m\u00e1s sobre nosotros mismos, expandiendo nuestras capacidades y ascender. Nuestro cuerpo es un portal al crecimiento.<\/p>\n<h6 dir=\"ltr\" style=\"text-align: left;\"><strong>Portal a la pertenencia<\/strong><\/h6>\n<p dir=\"ltr\" style=\"text-align: left;\">En nuestro cuerpo se manifiestan todos los elementos que act\u00faan en la naturaleza, todos los ciclos, todas las fuerzas de destrucci\u00f3n y creaci\u00f3n. El cuerpo es el portal a la experiencia m\u00e1s profunda de nuestra pertenencia con el mundo.<\/p>\n<h6 dir=\"ltr\" style=\"text-align: left;\"><strong>Portal al misterio del alma<\/strong><\/h6>\n<p dir=\"ltr\" style=\"text-align: left;\">Muchas veces, el cuerpo &#8216;sabe&#8217; algo sobre nosotros mismos que a\u00fan no somos conscientes. Expresa partes misteriosas y subterr\u00e1neas, que emergen hacia nosotros y nos cuentan algo de nuestro mundo interior, el mundo de la imaginaci\u00f3n, los sue\u00f1os y el misterio del alma.<\/p>\n<p dir=\"ltr\">El proximo taller:<\/p>\n<p dir=\"ltr\"><strong>Cuerpo en Movimiento Los portales de conexi\u00f3n<\/strong>, En colaboraci\u00f3n con <strong>Hector Marcelli<\/strong><\/p>\n<p dir=\"ltr\">\ud835\udfee, \ud835\udfef \ud835\ude06 \ud835\udff0 \ud835\uddf1\ud835\uddf2 \ud835\uddf3\ud835\uddf2\ud835\uddef\ud835\uddff\ud835\uddf2\ud835\uddff\ud835\uddfc \ud835\uddf1\ud835\uddf2 \ud835\udfee\ud835\udfec\ud835\udfee\ud835\udff0<\/p>\n<p dir=\"ltr\"><strong>Ashram del Bosque de Niebla<\/strong><\/p>\n<p dir=\"ltr\">Huatusco, Veracruz, MX<\/p>\n<p dir=\"ltr\">En el taller experimentaremos diferentes formas de conectarnos internamente y con el mundo: Improvisaci\u00f3n en movimiento, movimiento aut\u00e9ntico, escritura, creaci\u00f3n, tantra, meditaci\u00f3n y caminar en la naturaleza<\/p>\n<p dir=\"ltr\">Informes por mensaje de WhatsApp: +52-2731178427<\/p>\n<p dir=\"ltr\"><img loading=\"lazy\" decoding=\"async\" class=\"aligncenter size-large wp-image-1627\" src=\"http:\/\/insight-out.co.il\/wp-content\/uploads\/2024\/01\/Cuerpo-en-movimiento_20240106_183159_0000-791x1024.png\" alt=\"\" width=\"791\" height=\"1024\" srcset=\"https:\/\/insight-out.co.il\/wp-content\/uploads\/2024\/01\/Cuerpo-en-movimiento_20240106_183159_0000-791x1024.png 791w, https:\/\/insight-out.co.il\/wp-content\/uploads\/2024\/01\/Cuerpo-en-movimiento_20240106_183159_0000-232x300.png 232w, https:\/\/insight-out.co.il\/wp-content\/uploads\/2024\/01\/Cuerpo-en-movimiento_20240106_183159_0000-768x994.png 768w, https:\/\/insight-out.co.il\/wp-content\/uploads\/2024\/01\/Cuerpo-en-movimiento_20240106_183159_0000-1187x1536.png 1187w, https:\/\/insight-out.co.il\/wp-content\/uploads\/2024\/01\/Cuerpo-en-movimiento_20240106_183159_0000-309x400.png 309w, https:\/\/insight-out.co.il\/wp-content\/uploads\/2024\/01\/Cuerpo-en-movimiento_20240106_183159_0000-566x733.png 566w, https:\/\/insight-out.co.il\/wp-content\/uploads\/2024\/01\/Cuerpo-en-movimiento_20240106_183159_0000.png 1545w\" sizes=\"(max-width: 791px) 100vw, 791px\" \/><\/p>\n","protected":false},"excerpt":{"rendered":"<p>Nuestro cuerpo es una poderosa puerta de entrada para vivir esta vida plenamente, en el taller de movimiento dedicaremos una &hellip;<\/p>\n","protected":false},"author":1,"featured_media":0,"parent":0,"menu_order":0,"comment_status":"closed","ping_status":"closed","template":"","meta":{"footnotes":""},"_links":{"self":[{"href":"https:\/\/insight-out.co.il\/es\/wp-json\/wp\/v2\/pages\/1626"}],"collection":[{"href":"https:\/\/insight-out.co.il\/es\/wp-json\/wp\/v2\/pages"}],"about":[{"href":"https:\/\/insight-out.co.il\/es\/wp-json\/wp\/v2\/types\/page"}],"author":[{"embeddable":true,"href":"https:\/\/insight-out.co.il\/es\/wp-json\/wp\/v2\/users\/1"}],"replies":[{"embeddable":true,"href":"https:\/\/insight-out.co.il\/es\/wp-json\/wp\/v2\/comments?post=1626"}],"version-history":[{"count":6,"href":"https:\/\/insight-out.co.il\/es\/wp-json\/wp\/v2\/pages\/1626\/revisions"}],"predecessor-version":[{"id":1733,"href":"https:\/\/insight-out.co.il\/es\/wp-json\/wp\/v2\/pages\/1626\/revisions\/1733"}],"wp:attachment":[{"href":"https:\/\/insight-out.co.il\/es\/wp-json\/wp\/v2\/media?parent=1626"}],"curies":[{"name":"wp","href":"https:\/\/api.w.org\/{rel}","templated":true}]}}