{"id":1621,"date":"2019-10-23T10:22:48","date_gmt":"2019-10-23T10:22:48","guid":{"rendered":"https:\/\/insight-out.co.il\/?page_id=1621"},"modified":"2024-01-21T02:16:39","modified_gmt":"2024-01-21T02:16:39","slug":"quien-soy","status":"publish","type":"page","link":"https:\/\/insight-out.co.il\/es\/quien-soy\/","title":{"rendered":"Qui\u00e9n soy"},"content":{"rendered":"<p dir=\"ltr\"><img loading=\"lazy\" decoding=\"async\" class=\"aligncenter size-large wp-image-1516\" src=\"http:\/\/insight-out.co.il\/wp-content\/uploads\/2019\/10\/1629471470396-1024x1024.jpg\" alt=\"Einat Lombrozo \" width=\"1024\" height=\"1024\" srcset=\"https:\/\/insight-out.co.il\/wp-content\/uploads\/2019\/10\/1629471470396-1024x1024.jpg 1024w, https:\/\/insight-out.co.il\/wp-content\/uploads\/2019\/10\/1629471470396-150x150.jpg 150w, https:\/\/insight-out.co.il\/wp-content\/uploads\/2019\/10\/1629471470396-300x300.jpg 300w, https:\/\/insight-out.co.il\/wp-content\/uploads\/2019\/10\/1629471470396-768x768.jpg 768w, https:\/\/insight-out.co.il\/wp-content\/uploads\/2019\/10\/1629471470396-600x600.jpg 600w, https:\/\/insight-out.co.il\/wp-content\/uploads\/2019\/10\/1629471470396-400x400.jpg 400w, https:\/\/insight-out.co.il\/wp-content\/uploads\/2019\/10\/1629471470396-640x640.jpg 640w, https:\/\/insight-out.co.il\/wp-content\/uploads\/2019\/10\/1629471470396.jpg 1080w\" sizes=\"(max-width: 1024px) 100vw, 1024px\" \/><\/p>\n<p dir=\"ltr\" style=\"text-align: left;\">\u00a1Hola!<\/p>\n<p dir=\"ltr\" style=\"text-align: left;\">Mi nombre es <strong>Einat Lombrozo<\/strong>,<\/p>\n<p dir=\"ltr\" style=\"text-align: left;\">Soy madre, emprendedora, n\u00f3made, germinadora de ideas de manera sistem\u00e1tica, danzarina, so\u00f1adora y creadora, amante de viajes por el mundo.<\/p>\n<p dir=\"ltr\" style=\"text-align: left;\">Soy profesora de improvisaci\u00f3n a trav\u00e9s del movimiento y facilitadora de procesos basados en la naturaleza para el desarrollo personal.<\/p>\n<p dir=\"ltr\" style=\"text-align: left;\">Fund\u00e9 el Instituto <strong>Insight-out<\/strong> para jornadas de desarrollo personal a trav\u00e9s del movimiento y la naturaleza en 2017, con el objetivo de acompa\u00f1ar mujeres en una nueva relaci\u00f3n con su cuerpo sensual y salvaje, su sabidur\u00eda interior y su naturaleza.<\/p>\n<p dir=\"ltr\" style=\"text-align: left;\">Podemos percibir nuestro cuerpo como un puente que conecta el mundo exterior con el interior.<\/p>\n<p dir=\"ltr\" style=\"text-align: left;\">Como el aire que fluye dentro y fuera de nuestro cuerpo, la comida que pasa a trav\u00e9s de \u00e9l y lo alimenta. El alma de la tierra, tambi\u00e9n, respira a trav\u00e9s de nosotros con una gran y profunda sabidur\u00eda.<\/p>\n<p dir=\"ltr\" style=\"text-align: left;\">Las jornadas de Insight-Out, talleres y sesiones de danza son una invitaci\u00f3n para profundizar en nuestra experiencia de la vida y nuestras conexiones en esta tierra, centr\u00e1ndonos espec\u00edficamente en nuestra capacidad de experimentar unidad con el mundo a trav\u00e9s de nuestros cuerpos, sensaciones e imaginaci\u00f3n.<\/p>\n<p dir=\"ltr\" style=\"text-align: left;\">La danza, el encuentro con la naturaleza salvaje y los reinos de la imaginaci\u00f3n, en este sentido, son procesos profundos e interactivos en los que nos encontramos a nosotros mismos, nuestras fortalezas internas y deseos, y que participamos en la creaci\u00f3n de nuestra vida.<\/p>\n<p dir=\"ltr\" style=\"text-align: left;\">Para contactarme, reservar un taller o una reuni\u00f3n personal, o para cualquier otra consulta, contactame por WhatsApp al:+972-523-927628.<\/p>\n","protected":false},"excerpt":{"rendered":"<p>\u00a1Hola! Mi nombre es Einat Lombrozo, Soy madre, emprendedora, n\u00f3made, germinadora de ideas de manera sistem\u00e1tica, danzarina, so\u00f1adora y creadora, &hellip;<\/p>\n","protected":false},"author":1,"featured_media":0,"parent":0,"menu_order":0,"comment_status":"closed","ping_status":"closed","template":"","meta":{"footnotes":""},"_links":{"self":[{"href":"https:\/\/insight-out.co.il\/es\/wp-json\/wp\/v2\/pages\/1621"}],"collection":[{"href":"https:\/\/insight-out.co.il\/es\/wp-json\/wp\/v2\/pages"}],"about":[{"href":"https:\/\/insight-out.co.il\/es\/wp-json\/wp\/v2\/types\/page"}],"author":[{"embeddable":true,"href":"https:\/\/insight-out.co.il\/es\/wp-json\/wp\/v2\/users\/1"}],"replies":[{"embeddable":true,"href":"https:\/\/insight-out.co.il\/es\/wp-json\/wp\/v2\/comments?post=1621"}],"version-history":[{"count":3,"href":"https:\/\/insight-out.co.il\/es\/wp-json\/wp\/v2\/pages\/1621\/revisions"}],"predecessor-version":[{"id":1624,"href":"https:\/\/insight-out.co.il\/es\/wp-json\/wp\/v2\/pages\/1621\/revisions\/1624"}],"wp:attachment":[{"href":"https:\/\/insight-out.co.il\/es\/wp-json\/wp\/v2\/media?parent=1621"}],"curies":[{"name":"wp","href":"https:\/\/api.w.org\/{rel}","templated":true}]}}