{"id":1645,"date":"2018-10-09T17:06:07","date_gmt":"2018-10-09T17:06:07","guid":{"rendered":"https:\/\/insight-out.co.il\/?page_id=1645"},"modified":"2024-02-05T16:49:28","modified_gmt":"2024-02-05T16:49:28","slug":"improvisacion-en-movimiento","status":"publish","type":"page","link":"http:\/\/insight-out.co.il\/es\/improvisacion-en-movimiento\/","title":{"rendered":"Improvisaci\u00f3n en Movimiento"},"content":{"rendered":"<p dir=\"ltr\" style=\"text-align: left;\"><strong>El arte del movimiento consciente y presente<\/strong>.<\/p>\n<p dir=\"ltr\">Se vuelve posible cuando estamos atentos hacia adentro y alerta a nuestro entorno al mismo tiempo y nos permite conocernos mejor a nosotros mismos y, por lo tanto, apoya procesos de crecimiento, curaci\u00f3n y cambio, mejora nuestra expresi\u00f3n personal, creatividad y comunicaci\u00f3n con los dem\u00e1s.<\/p>\n<p>En el curso hay tres \u00e1reas de investigaci\u00f3n:<br \/>\n1. Introducci\u00f3n a la improvisaci\u00f3n y al lenguaje del movimiento natural<br \/>\n2. Comunicaci\u00f3n y relaciones &#8211; encuentro conmigo mismo, con el otro y con el entorno<br \/>\n3. Expresi\u00f3n y creatividad<\/p>\n<p dir=\"ltr\" style=\"text-align: left;\">El curso es Una serie de lecciones semanales o talleres \u00fanicos.<\/p>\n<p dir=\"ltr\">En cada clase un tema de investigaci\u00f3n a trav\u00e9s del movimiento, por ejemplo: cualidades del movimiento, tono muscular, fuentes de inspiraci\u00f3n, trabajo con im\u00e1genes y m\u00e1s.<\/p>\n<p dir=\"ltr\">Los objetivos del curso: ser un laboratorio vivo donde conoceremos nuestros h\u00e1bitos y comportamientos autom\u00e1ticos, ampliaremos nuestras posibilidades de expresi\u00f3n a trav\u00e9s del cuerpo y \u00a1disfrutaremos movi\u00e9ndonos!<\/p>\n<p dir=\"ltr\" style=\"text-align: left;\">***No es necesaria experiencia, s\u00f3lo curiosidad y ganas de moverse.***<\/p>\n<p dir=\"ltr\"><img loading=\"lazy\" decoding=\"async\" class=\"alignleft wp-image-1506 size-large\" src=\"http:\/\/insight-out.co.il\/wp-content\/uploads\/2018\/10\/IMG_0578-1024x627.jpg\" alt=\"\" width=\"1024\" height=\"627\" srcset=\"http:\/\/insight-out.co.il\/wp-content\/uploads\/2018\/10\/IMG_0578-1024x627.jpg 1024w, http:\/\/insight-out.co.il\/wp-content\/uploads\/2018\/10\/IMG_0578-300x184.jpg 300w, http:\/\/insight-out.co.il\/wp-content\/uploads\/2018\/10\/IMG_0578-768x470.jpg 768w, http:\/\/insight-out.co.il\/wp-content\/uploads\/2018\/10\/IMG_0578-600x368.jpg 600w, http:\/\/insight-out.co.il\/wp-content\/uploads\/2018\/10\/IMG_0578-615x377.jpg 615w, http:\/\/insight-out.co.il\/wp-content\/uploads\/2018\/10\/IMG_0578-653x400.jpg 653w, http:\/\/insight-out.co.il\/wp-content\/uploads\/2018\/10\/IMG_0578-443x270.jpg 443w, http:\/\/insight-out.co.il\/wp-content\/uploads\/2018\/10\/IMG_0578-640x392.jpg 640w, http:\/\/insight-out.co.il\/wp-content\/uploads\/2018\/10\/IMG_0578.jpg 1280w\" sizes=\"(max-width: 1024px) 100vw, 1024px\" \/><\/p>\n<p dir=\"ltr\"><img loading=\"lazy\" decoding=\"async\" class=\"alignleft wp-image-1508 size-large\" src=\"http:\/\/insight-out.co.il\/wp-content\/uploads\/2018\/10\/MG_0107-1024x682.jpg\" alt=\"\" width=\"1024\" height=\"682\" srcset=\"http:\/\/insight-out.co.il\/wp-content\/uploads\/2018\/10\/MG_0107-1024x682.jpg 1024w, http:\/\/insight-out.co.il\/wp-content\/uploads\/2018\/10\/MG_0107-300x200.jpg 300w, http:\/\/insight-out.co.il\/wp-content\/uploads\/2018\/10\/MG_0107-768x512.jpg 768w, http:\/\/insight-out.co.il\/wp-content\/uploads\/2018\/10\/MG_0107-600x400.jpg 600w, http:\/\/insight-out.co.il\/wp-content\/uploads\/2018\/10\/MG_0107-640x427.jpg 640w, http:\/\/insight-out.co.il\/wp-content\/uploads\/2018\/10\/MG_0107.jpg 1280w\" sizes=\"(max-width: 1024px) 100vw, 1024px\" \/><\/p>\n<p dir=\"ltr\"><img loading=\"lazy\" decoding=\"async\" class=\"alignright wp-image-1510 size-large\" src=\"http:\/\/insight-out.co.il\/wp-content\/uploads\/2018\/10\/IMG_0619-1024x682.jpg\" alt=\"\" width=\"1024\" height=\"682\" srcset=\"http:\/\/insight-out.co.il\/wp-content\/uploads\/2018\/10\/IMG_0619-1024x682.jpg 1024w, http:\/\/insight-out.co.il\/wp-content\/uploads\/2018\/10\/IMG_0619-300x200.jpg 300w, http:\/\/insight-out.co.il\/wp-content\/uploads\/2018\/10\/IMG_0619-768x512.jpg 768w, http:\/\/insight-out.co.il\/wp-content\/uploads\/2018\/10\/IMG_0619-600x400.jpg 600w, http:\/\/insight-out.co.il\/wp-content\/uploads\/2018\/10\/IMG_0619-640x427.jpg 640w, http:\/\/insight-out.co.il\/wp-content\/uploads\/2018\/10\/IMG_0619.jpg 1280w\" sizes=\"(max-width: 1024px) 100vw, 1024px\" \/><\/p>\n<p dir=\"ltr\">\n","protected":false},"excerpt":{"rendered":"<p>El arte del movimiento consciente y presente. Se vuelve posible cuando estamos atentos hacia adentro y alerta a nuestro entorno &hellip;<\/p>\n","protected":false},"author":1,"featured_media":0,"parent":0,"menu_order":0,"comment_status":"closed","ping_status":"closed","template":"","meta":{"footnotes":""},"_links":{"self":[{"href":"http:\/\/insight-out.co.il\/es\/wp-json\/wp\/v2\/pages\/1645"}],"collection":[{"href":"http:\/\/insight-out.co.il\/es\/wp-json\/wp\/v2\/pages"}],"about":[{"href":"http:\/\/insight-out.co.il\/es\/wp-json\/wp\/v2\/types\/page"}],"author":[{"embeddable":true,"href":"http:\/\/insight-out.co.il\/es\/wp-json\/wp\/v2\/users\/1"}],"replies":[{"embeddable":true,"href":"http:\/\/insight-out.co.il\/es\/wp-json\/wp\/v2\/comments?post=1645"}],"version-history":[{"count":6,"href":"http:\/\/insight-out.co.il\/es\/wp-json\/wp\/v2\/pages\/1645\/revisions"}],"predecessor-version":[{"id":1736,"href":"http:\/\/insight-out.co.il\/es\/wp-json\/wp\/v2\/pages\/1645\/revisions\/1736"}],"wp:attachment":[{"href":"http:\/\/insight-out.co.il\/es\/wp-json\/wp\/v2\/media?parent=1645"}],"curies":[{"name":"wp","href":"https:\/\/api.w.org\/{rel}","templated":true}]}}