{"id":1618,"date":"2022-06-26T18:39:46","date_gmt":"2022-06-26T18:39:46","guid":{"rendered":"https:\/\/insight-out.co.il\/?page_id=1618"},"modified":"2024-02-05T16:38:50","modified_gmt":"2024-02-05T16:38:50","slug":"reunion-personal","status":"publish","type":"page","link":"http:\/\/insight-out.co.il\/es\/reunion-personal\/","title":{"rendered":"Reuni\u00f3n Personal"},"content":{"rendered":"<p><img loading=\"lazy\" decoding=\"async\" class=\"alignleft wp-image-1532 size-medium\" src=\"http:\/\/insight-out.co.il\/wp-content\/uploads\/2022\/06\/496A4453-2-300x200.jpg\" alt=\"\" width=\"300\" height=\"200\" srcset=\"http:\/\/insight-out.co.il\/wp-content\/uploads\/2022\/06\/496A4453-2-300x200.jpg 300w, http:\/\/insight-out.co.il\/wp-content\/uploads\/2022\/06\/496A4453-2-768x512.jpg 768w, http:\/\/insight-out.co.il\/wp-content\/uploads\/2022\/06\/496A4453-2-1024x683.jpg 1024w, http:\/\/insight-out.co.il\/wp-content\/uploads\/2022\/06\/496A4453-2-600x400.jpg 600w, http:\/\/insight-out.co.il\/wp-content\/uploads\/2022\/06\/496A4453-2-640x427.jpg 640w, http:\/\/insight-out.co.il\/wp-content\/uploads\/2022\/06\/496A4453-2.jpg 2048w\" sizes=\"(max-width: 300px) 100vw, 300px\" \/><\/p>\n<p dir=\"ltr\" style=\"text-align: left;\">Si te encuentras en un momento de crisis o de dolor, o si un deseo arde en ti y quieres descubrir la fuerza y la curaci\u00f3n que hay en tu interior a trav\u00e9s de la sabidur\u00eda de tu cuerpo, tus sue\u00f1os, tu imaginaci\u00f3n&#8230; estar\u00e9 encantada de acompa\u00f1arte en este camino, mano a mano.<\/p>\n<p dir=\"ltr\" style=\"text-align: left;\">Cuando las viejas estructuras se desmoronan, algo mejor busca nacer para nuestro desarrollo, por el deseo del alma.<\/p>\n<p dir=\"ltr\" style=\"text-align: left;\">Pueden ser temas relacionados a tu desarrollo personal o profesional, cualquier \u00e1rea en la que desees moverte desde la escucha de tu voz interna m\u00e1s all\u00e1 de lo conocido y lo familiar.<\/p>\n<p dir=\"ltr\" style=\"text-align: left;\">Esta es una invitaci\u00f3n para acompa\u00f1arte en tu jornada personal.<\/p>\n<p dir=\"ltr\" style=\"text-align: left;\">Las sesiones incluyen charlas, movimiento, trabajo en la naturaleza y expresi\u00f3n.<\/p>\n<p dir=\"ltr\" style=\"text-align: left;\">*\u00a1Se realizan a trav\u00e9s de Zoom, desde tu casa o desde el lugar d\u00f3nde te sientas tranquila y en paz!<\/p>\n<h6 dir=\"ltr\"><i><strong>Nuestras Historias<br \/>\n<\/strong><\/i><\/h6>\n<p dir=\"ltr\"><i>Nuestro cuerpo es como un libro grueso, que guarda en su interior<br \/>\ntodas nuestras historias, vivencias, \u00e9xitos, crisis y dolores.<\/i><\/p>\n<p dir=\"ltr\"><i>Cada vez que nos acercamos consciente y atentamente al cuerpo,<br \/>\ntenemos la oportunidad de acercarnos a la estanter\u00eda,<br \/>\ntomar el libro en nuestras manos, sacudir el polvo<br \/>\ny hojear sus p\u00e1ginas pegadas unas a otras y amarillentas en los bordes.<\/i><\/p>\n<p dir=\"ltr\"><i>Entre nuestras viejas historias entra aire limpio y nueva luz brillante.<\/i><\/p>\n<p dir=\"ltr\"><i>A veces es una oportunidad para leer la misma historia,<br \/>\ndesde un \u00e1ngulo ligeramente diferente,<\/i><\/p>\n<p dir=\"ltr\"><i>A veces una trama que ha estado oculta durante a\u00f1os sale a la luz.<\/i><\/p>\n<p dir=\"ltr\"><i>Hay cap\u00edtulos que leemos una y otra vez<br \/>\ny cap\u00edtulos que es bueno que hayamos olvidado.<\/i><\/p>\n<p dir=\"ltr\"><i>A veces nos encontramos con que las historias son las mismas historias,<br \/>\npero nosotros hemos cambiado.<\/i><\/p>\n<p dir=\"ltr\"><i>Si seguimos bailando, nos daremos cuenta de que mientras nos movemos,<br \/>\nuna pluma dibuja sobre una p\u00e1gina blanca,<br \/>\n<\/i><i>y justo en ese momento se escribi\u00f3<br \/>\nuna nueva historia.<\/i><\/p>\n","protected":false},"excerpt":{"rendered":"<p>Si te encuentras en un momento de crisis o de dolor, o si un deseo arde en ti y quieres &hellip;<\/p>\n","protected":false},"author":1,"featured_media":0,"parent":0,"menu_order":0,"comment_status":"closed","ping_status":"closed","template":"","meta":{"footnotes":""},"_links":{"self":[{"href":"http:\/\/insight-out.co.il\/es\/wp-json\/wp\/v2\/pages\/1618"}],"collection":[{"href":"http:\/\/insight-out.co.il\/es\/wp-json\/wp\/v2\/pages"}],"about":[{"href":"http:\/\/insight-out.co.il\/es\/wp-json\/wp\/v2\/types\/page"}],"author":[{"embeddable":true,"href":"http:\/\/insight-out.co.il\/es\/wp-json\/wp\/v2\/users\/1"}],"replies":[{"embeddable":true,"href":"http:\/\/insight-out.co.il\/es\/wp-json\/wp\/v2\/comments?post=1618"}],"version-history":[{"count":7,"href":"http:\/\/insight-out.co.il\/es\/wp-json\/wp\/v2\/pages\/1618\/revisions"}],"predecessor-version":[{"id":1731,"href":"http:\/\/insight-out.co.il\/es\/wp-json\/wp\/v2\/pages\/1618\/revisions\/1731"}],"wp:attachment":[{"href":"http:\/\/insight-out.co.il\/es\/wp-json\/wp\/v2\/media?parent=1618"}],"curies":[{"name":"wp","href":"https:\/\/api.w.org\/{rel}","templated":true}]}}