{"id":1611,"date":"2017-11-24T21:15:34","date_gmt":"2017-11-24T21:15:34","guid":{"rendered":"https:\/\/insight-out.co.il\/?page_id=1611"},"modified":"2024-01-20T23:07:05","modified_gmt":"2024-01-20T23:07:05","slug":"1611-2","status":"publish","type":"page","link":"http:\/\/insight-out.co.il\/es\/","title":{"rendered":""},"content":{"rendered":"<p style=\"text-align: center;\"><strong>Bienvenida.<\/strong><\/p>\n<h6 style=\"text-align: center;\"><strong>\u00a1Has llegado al lugar donde te invito a bailar tu naturaleza salvaje!<\/strong><\/h6>\n<p style=\"text-align: center;\">\u00a1Mucho gusto, me llamo Einat!<br \/>\nSoy un alma n\u00f3made conectada con el movimiento en mi cuerpo y en el espacio.<br \/>\nMadre de 3 hijas maravillosas.<br \/>\nSoy facilitadora de talleres de mujeres,<\/p>\n<p style=\"text-align: center;\"><strong>\u00a1Te invito a ti, hija de la tierra! <\/strong><br \/>\n<strong>A regresar a tu cuerpo, a tus sentidos, a tu intuici\u00f3n.<\/strong><br \/>\n<strong>A la alegr\u00eda del movimiento, a la improvisaci\u00f3n y creaci\u00f3n.<\/strong><br \/>\n<strong>Te invito a sumergirte en la inmensidad salvaje de tu cuerpo,<\/strong><br \/>\n<strong>y salir hacia el templo sagrado en la superficie de la tierra.<br \/>\n<\/strong><\/p>\n<p style=\"text-align: center;\"><img loading=\"lazy\" decoding=\"async\" class=\"aligncenter wp-image-1281 size-large\" src=\"http:\/\/insight-out.co.il\/wp-content\/uploads\/2017\/11\/496A4471-1024x683.jpg\" alt=\"\" width=\"1024\" height=\"683\" srcset=\"http:\/\/insight-out.co.il\/wp-content\/uploads\/2017\/11\/496A4471-1024x683.jpg 1024w, http:\/\/insight-out.co.il\/wp-content\/uploads\/2017\/11\/496A4471-300x200.jpg 300w, http:\/\/insight-out.co.il\/wp-content\/uploads\/2017\/11\/496A4471-768x512.jpg 768w, http:\/\/insight-out.co.il\/wp-content\/uploads\/2017\/11\/496A4471-600x400.jpg 600w, http:\/\/insight-out.co.il\/wp-content\/uploads\/2017\/11\/496A4471-640x427.jpg 640w, http:\/\/insight-out.co.il\/wp-content\/uploads\/2017\/11\/496A4471.jpg 2048w\" sizes=\"(max-width: 1024px) 100vw, 1024px\" \/><\/p>\n<p style=\"text-align: center;\"><strong class=\"aligncenter\">Tu cuerpo <\/strong>est\u00e1 conformado por innumerables receptores sensoriales que conocen el mundo.<br \/>\nCuando traigas tu atenci\u00f3n y tu presencia hac\u00eda tu cuerpo,<br \/>\nse abrir\u00e1n los portales de la <strong>fuente interior de tu sabidur\u00eda.<\/strong>,<br \/>\nEs la puerta de entrada a las voces ocultas, los sue\u00f1os, las pasiones y otros tesoros que se revelar\u00e1n.<\/p>\n<p style=\"text-align: center;\"><strong>Tu cuerpo <\/strong>es un sistema de puentes entre tu interior y el exterior,<br \/>\n, como el aire que entra y sale de tu ser, el alimento que lo atraviesa y lo nutre; as\u00ed tambi\u00e9n en ritmos sutiles, el alma del mundo late en tu interior.<\/p>\n<p style=\"text-align: center;\">Nos hemos alejado tanto de nuestros cuerpos y de la tierra, influenciados por la cultura que nos ense\u00f1a que la fuente del conocimiento est\u00e1 fuera de nosotros, que hemos olvidado nuestra naturaleza salvaje.<\/p>\n<p style=\"text-align: center;\"><strong>Es el momento de regresar y recordar, de revivir, de desprendernos, de movernos y acercarnos,<br \/>\n<\/strong><strong>de deshacer patrones y fijaciones y expresar, libremente, nuestra naturaleza \u00fanica.<\/strong><\/p>\n<p><img loading=\"lazy\" decoding=\"async\" class=\"aligncenter wp-image-1277\" src=\"http:\/\/insight-out.co.il\/wp-content\/uploads\/2017\/11\/trans-lotus-up-150x103.png\" alt=\"\" width=\"58\" height=\"40\" \/><\/p>\n<p class=\"_04xlpA direction-rtl align-center para-style-body\" dir=\"ltr\" style=\"text-align: center;\">\u00ab<em>El cuerpo es un ser multiling\u00fce. <\/em><\/p>\n<p class=\"_04xlpA direction-rtl align-center para-style-body\" dir=\"ltr\" style=\"text-align: center;\"><em>Habla a trav\u00e9s de su color y su temperatura, el ardor del reconocimiento, el resplandor del amor, la ceniza del dolor, el calor de la excitaci\u00f3n, la frialdad, la desconfianza. <\/em><\/p>\n<p class=\"_04xlpA direction-rtl align-center para-style-body\" dir=\"ltr\" style=\"text-align: center;\"><em>Habla a trav\u00e9s de su diminuta y constante danza, a veces balance\u00e1ndose, otras movi\u00e9ndose con nerviosismo y otras con temblores. <\/em><\/p>\n<p class=\"_04xlpA direction-rtl align-center para-style-body\" dir=\"ltr\" style=\"text-align: center;\"><em>Habla a \u2014trav\u00e9s de los vuelcos del coraz\u00f3n, el des\u00e1nimo, el abismo central y el renacimiento, de a esperanza<\/em>.\u00bb<\/p>\n<p dir=\"ltr\" style=\"text-align: center;\">Clarissa Pinkola Est\u00e9s, Mujeres que corren con los lobos<\/p>\n<p class=\"_04xlpA direction-rtl align-center para-style-body\"><img loading=\"lazy\" decoding=\"async\" class=\"aligncenter wp-image-1276\" src=\"http:\/\/insight-out.co.il\/wp-content\/uploads\/2017\/11\/trans-lotus-down-150x103.png\" alt=\"\" width=\"58\" height=\"40\" \/><\/p>\n<h6 style=\"text-align: center;\"><\/h6>\n<h5 dir=\"ltr\" style=\"text-align: left;\">Taller: Cuerpo en Movimiento<\/h5>\n<p style=\"text-align: right;\"><img loading=\"lazy\" decoding=\"async\" class=\"aligncenter wp-image-1627 size-large\" src=\"http:\/\/insight-out.co.il\/wp-content\/uploads\/2024\/01\/Cuerpo-en-movimiento_20240106_183159_0000-791x1024.png\" alt=\"Cuerpo em Movimiento\" width=\"791\" height=\"1024\" srcset=\"http:\/\/insight-out.co.il\/wp-content\/uploads\/2024\/01\/Cuerpo-en-movimiento_20240106_183159_0000-791x1024.png 791w, http:\/\/insight-out.co.il\/wp-content\/uploads\/2024\/01\/Cuerpo-en-movimiento_20240106_183159_0000-232x300.png 232w, http:\/\/insight-out.co.il\/wp-content\/uploads\/2024\/01\/Cuerpo-en-movimiento_20240106_183159_0000-768x994.png 768w, http:\/\/insight-out.co.il\/wp-content\/uploads\/2024\/01\/Cuerpo-en-movimiento_20240106_183159_0000-1187x1536.png 1187w, http:\/\/insight-out.co.il\/wp-content\/uploads\/2024\/01\/Cuerpo-en-movimiento_20240106_183159_0000-309x400.png 309w, http:\/\/insight-out.co.il\/wp-content\/uploads\/2024\/01\/Cuerpo-en-movimiento_20240106_183159_0000-566x733.png 566w, http:\/\/insight-out.co.il\/wp-content\/uploads\/2024\/01\/Cuerpo-en-movimiento_20240106_183159_0000.png 1545w\" sizes=\"(max-width: 791px) 100vw, 791px\" \/><\/p>\n<p dir=\"ltr\" style=\"text-align: left;\">El taller <strong>Cuerpo en Movimiento &#8211; los portales de conexi\u00f3n<\/strong>, En colaboraci\u00f3n con <strong>Hector Marcelli.<\/strong><\/p>\n<p dir=\"ltr\" style=\"text-align: left;\">\ud835\udfee-<strong>4\/2\/2024<\/strong><\/p>\n<p dir=\"ltr\" style=\"text-align: left;\">Fin de semana en el <strong>Ashram del bosque de niebla<\/strong>, Huatusco, Veracruz, MX<\/p>\n<p dir=\"ltr\">Informes por mensaje de WhatsApp: +52-2731178427<\/p>\n<p dir=\"ltr\" style=\"text-align: left;\">\n","protected":false},"excerpt":{"rendered":"<p>Bienvenida. \u00a1Has llegado al lugar donde te invito a bailar tu naturaleza salvaje! \u00a1Mucho gusto, me llamo Einat! Soy un &hellip;<\/p>\n","protected":false},"author":1,"featured_media":0,"parent":0,"menu_order":0,"comment_status":"closed","ping_status":"closed","template":"","meta":{"footnotes":""},"_links":{"self":[{"href":"http:\/\/insight-out.co.il\/es\/wp-json\/wp\/v2\/pages\/1611"}],"collection":[{"href":"http:\/\/insight-out.co.il\/es\/wp-json\/wp\/v2\/pages"}],"about":[{"href":"http:\/\/insight-out.co.il\/es\/wp-json\/wp\/v2\/types\/page"}],"author":[{"embeddable":true,"href":"http:\/\/insight-out.co.il\/es\/wp-json\/wp\/v2\/users\/1"}],"replies":[{"embeddable":true,"href":"http:\/\/insight-out.co.il\/es\/wp-json\/wp\/v2\/comments?post=1611"}],"version-history":[{"count":10,"href":"http:\/\/insight-out.co.il\/es\/wp-json\/wp\/v2\/pages\/1611\/revisions"}],"predecessor-version":[{"id":1674,"href":"http:\/\/insight-out.co.il\/es\/wp-json\/wp\/v2\/pages\/1611\/revisions\/1674"}],"wp:attachment":[{"href":"http:\/\/insight-out.co.il\/es\/wp-json\/wp\/v2\/media?parent=1611"}],"curies":[{"name":"wp","href":"https:\/\/api.w.org\/{rel}","templated":true}]}}